{"id":655,"date":"2025-05-12T18:14:14","date_gmt":"2025-05-12T18:14:14","guid":{"rendered":"https:\/\/raphaelbrien.com\/home\/"},"modified":"2025-12-18T17:39:30","modified_gmt":"2025-12-18T17:39:30","slug":"home","status":"publish","type":"page","link":"https:\/\/raphaelbrien.com\/en\/","title":{"rendered":"Home"},"content":{"rendered":"\n<h1>\n\t\t\tDisplay and installation specialists\t<\/h1>\n\t<p>for event and commercial projects<\/p>\n\t\t\t<a href=\"https:\/\/raphaelbrien.com\/en\/contact\/\" target=\"_self\">\n\t\t\t\t\t\t\tGot a project for us?\n\t\t\t\t\t<\/a>\n    <a href=\"https:\/\/raphaelbrien.com\/en\/realisations\/\">\n        <img decoding=\"async\" class=\"lazyload\" src=\"data:image\/gif;base64,R0lGODlhAQABAIAAAAAAAP\/\/\/yH5BAEAAAAALAAAAAABAAEAAAIBRAA7\" data-src=\"http:\/\/raphaelbrien.com\/wp-content\/uploads\/2025\/05\/our-project.svg\" alt=\"\"\/><noscript><img decoding=\"async\" class=\"lazyload\" src=\"http:\/\/raphaelbrien.com\/wp-content\/uploads\/2025\/05\/our-project.svg\" alt=\"\"\/><\/noscript>\n        <img decoding=\"async\" class=\"lazyload\" src=\"data:image\/gif;base64,R0lGODlhAQABAIAAAAAAAP\/\/\/yH5BAEAAAAALAAAAAABAAEAAAIBRAA7\" data-src=\"http:\/\/raphaelbrien.com\/wp-content\/uploads\/2025\/05\/down-arrow.svg\" alt=\"\"\/><noscript><img decoding=\"async\" class=\"lazyload\" src=\"http:\/\/raphaelbrien.com\/wp-content\/uploads\/2025\/05\/down-arrow.svg\" alt=\"\"\/><\/noscript>\n    <\/a>\n<h2>\n\t\t\tOur company\t<\/h2>\n\t<p>Rapha\u00ebl Brien inc. was born out of a desire to facilitate communication between marketing departments and production teams. As a trusted partner, our professional team will know how to guide and advise you about the product, production technique and production process best suited to your needs.  <\/p>\n<p>Thanks to our wide-ranging experience, we know how to adapt to the many and unexpected changes that occur during a production process. At all times, our versatile team will make sure you get the best results, and that your equipment is handled with extra care to maximize its lifespan. <\/p>\n<p>Doing business with Rapha\u00ebl Brien Inc. ensures you get professional and safe installations, projects delivered on time and on budget.<\/p>\n<p>Thanks to our workshop trucks and aerial work platforms, we have the optimal equipment to carry out all your projects, no matter the scope or technical requirements.<\/p>\n\t\t\t<a href=\"https:\/\/raphaelbrien.com\/en\/services\/\" target=\"_self\">\n\t\t\t\t\t\t\tDiscover all our services\n\t\t\t\t\t<\/a>\n    <a data-text=\"D\u00c9CORS\" href=\"https:\/\/raphaelbrien.com\/en\/services\/decors\/\" title=\"DECORS\">DECORS<\/a>\n<a data-text=\"AFFICHAGE COMMERCIAL\" href=\"https:\/\/raphaelbrien.com\/en\/services\/commercial-display\/\" title=\"COMMERCIAL SIGNAGE\">COMMERCIAL SIGNAGE<\/a>\n<a data-text=\"AM\u00c9NAGEMENT\/PROJET CL\u00c9 EN MAIN\" href=\"https:\/\/raphaelbrien.com\/en\/services\/design-turnkey-project\/\" title=\"DESIGN\/ TURNKEY PROJECT\">DESIGN\/ TURNKEY PROJECT<\/a>\n<a data-text=\"LOCATION DE MAIN D'\u0152UVRE ET D'\u00c9QUIPEMENT SP\u00c9CIALIS\u00c9\" href=\"https:\/\/raphaelbrien.com\/en\/services\/specialized-labor-and-equipment\/\" title=\"RENTAL OF SPECIALIZED LABOR AND EQUIPMENT\">WORKFORCE AND SPECIALIZED EQUIPMENT RENTAL<\/a>\n<a data-text=\"GR\u00c9AGE\" href=\"https:\/\/raphaelbrien.com\/en\/services\/rigging\/\" title=\"RIGGING\">RIGGING<\/a>\n<a data-text=\"INSPECTIONS\" href=\"https:\/\/raphaelbrien.com\/en\/services\/inspections\/\" title=\"INSPECTIONS\">INSPECTIONS<\/a>\n<h2>\n\t\t\tDiscover our projects\t<\/h2>\n\t<p>From dream to reality, our team brings your most ambitious projects to life. We create custom installations that combine strength, aesthetics and ingenuity. Discover our achievements and get inspired by our creative expertise.   <\/p>\n\t\t\t<a href=\"https:\/\/raphaelbrien.com\/en\/realisations\/\" target=\"_self\">\n\t\t\t\t\t\t\tDiscover all our projects\n\t\t\t\t\t<\/a>\n\t<div class=\"hs-container\"><div class=\"hscroll\"><div class=\"fl-photo-content fl-photo-img-png\"><img decoding=\"async\" width=\"149\" height=\"103\" src=\"https:\/\/raphaelbrien.com\/wp-content\/uploads\/2025\/05\/bell-feq.svg\" class=\"attachment-full size-full\" alt=\"\" \/><\/div><div class=\"fl-photo-content fl-photo-img-png\"><img decoding=\"async\" width=\"341\" height=\"68\" src=\"https:\/\/raphaelbrien.com\/wp-content\/uploads\/2025\/05\/showtex.svg\" class=\"attachment-full size-full\" alt=\"\" \/><\/div><div class=\"fl-photo-content fl-photo-img-png\"><img decoding=\"async\" width=\"242\" height=\"73\" src=\"https:\/\/raphaelbrien.com\/wp-content\/uploads\/2025\/05\/salem-sports.svg\" class=\"attachment-full size-full\" alt=\"\" \/><\/div><div class=\"fl-photo-content fl-photo-img-png\"><img decoding=\"async\" width=\"251\" height=\"97\" src=\"https:\/\/raphaelbrien.com\/wp-content\/uploads\/2025\/05\/place-rosemere.svg\" class=\"attachment-full size-full\" alt=\"\" \/><\/div><div class=\"fl-photo-content fl-photo-img-png\"><img decoding=\"async\" width=\"132\" height=\"63\" src=\"https:\/\/raphaelbrien.com\/wp-content\/uploads\/2025\/05\/phi.svg\" class=\"attachment-full size-full\" alt=\"\" \/><\/div><div class=\"fl-photo-content fl-photo-img-png\"><img decoding=\"async\" width=\"250\" height=\"31\" src=\"https:\/\/raphaelbrien.com\/wp-content\/uploads\/2025\/05\/octane.svg\" class=\"attachment-full size-full\" alt=\"\" \/><\/div><div class=\"fl-photo-content fl-photo-img-png\"><img decoding=\"async\" width=\"200\" height=\"63\" src=\"https:\/\/raphaelbrien.com\/wp-content\/uploads\/2025\/05\/marathon-beneva-de-montreal.svg\" class=\"attachment-full size-full\" alt=\"\" \/><\/div><div class=\"fl-photo-content fl-photo-img-png\"><img decoding=\"async\" width=\"153\" height=\"81\" src=\"https:\/\/raphaelbrien.com\/wp-content\/uploads\/2025\/05\/jack-world.svg\" class=\"attachment-full size-full\" alt=\"\" \/><\/div><div class=\"fl-photo-content fl-photo-img-png\"><img decoding=\"async\" width=\"249\" height=\"107\" src=\"https:\/\/raphaelbrien.com\/wp-content\/uploads\/2025\/05\/festival-du-nouveau-cenima-de-montreal.svg\" class=\"attachment-full size-full\" alt=\"\" \/><\/div><div class=\"fl-photo-content fl-photo-img-png\"><img decoding=\"async\" width=\"182\" height=\"114\" src=\"https:\/\/raphaelbrien.com\/wp-content\/uploads\/2025\/05\/evenko.svg\" class=\"attachment-full size-full\" alt=\"\" \/><\/div><div class=\"fl-photo-content fl-photo-img-png\"><img decoding=\"async\" width=\"346\" height=\"62\" src=\"https:\/\/raphaelbrien.com\/wp-content\/uploads\/2025\/05\/digitch-3d.svg\" class=\"attachment-full size-full\" alt=\"\" \/><\/div><div class=\"fl-photo-content fl-photo-img-png\"><img decoding=\"async\" width=\"123\" height=\"123\" src=\"https:\/\/raphaelbrien.com\/wp-content\/uploads\/2025\/05\/cf-montreal.svg\" class=\"attachment-full size-full\" alt=\"\" \/><\/div><div class=\"fl-photo-content fl-photo-img-png\"><img decoding=\"async\" width=\"371\" height=\"43\" src=\"https:\/\/raphaelbrien.com\/wp-content\/uploads\/2025\/05\/studio-artefact.svg\" class=\"attachment-full size-full\" alt=\"\" \/><\/div><div class=\"fl-photo-content fl-photo-img-png\"><img decoding=\"async\" width=\"260\" height=\"62\" src=\"https:\/\/raphaelbrien.com\/wp-content\/uploads\/2025\/05\/arsenal.svg\" class=\"attachment-full size-full\" alt=\"\" \/><\/div><\/div><\/div>\n\n","protected":false},"excerpt":{"rendered":"<p>Display and installation specialists for event and commercial projects Got a project for us? Our company Rapha\u00ebl Brien inc. was [&hellip;]<\/p>\n","protected":false},"author":1,"featured_media":0,"parent":0,"menu_order":0,"comment_status":"closed","ping_status":"closed","template":"","meta":{"inline_featured_image":false,"site-sidebar-layout":"no-sidebar","site-content-layout":"page-builder","ast-site-content-layout":"full-width-container","site-content-style":"default","site-sidebar-style":"default","ast-global-header-display":"","ast-banner-title-visibility":"","ast-main-header-display":"","ast-hfb-above-header-display":"","ast-hfb-below-header-display":"","ast-hfb-mobile-header-display":"","site-post-title":"disabled","ast-breadcrumbs-content":"","ast-featured-img":"disabled","footer-sml-layout":"","theme-transparent-header-meta":"default","adv-header-id-meta":"","stick-header-meta":"","header-above-stick-meta":"","header-main-stick-meta":"","header-below-stick-meta":"","astra-migrate-meta-layouts":"set","ast-page-background-enabled":"default","ast-page-background-meta":{"desktop":{"background-color":"var(--ast-global-color-4)","background-image":"","background-repeat":"repeat","background-position":"center center","background-size":"auto","background-attachment":"scroll","background-type":"","background-media":"","overlay-type":"","overlay-color":"","overlay-opacity":"","overlay-gradient":""},"tablet":{"background-color":"","background-image":"","background-repeat":"repeat","background-position":"center center","background-size":"auto","background-attachment":"scroll","background-type":"","background-media":"","overlay-type":"","overlay-color":"","overlay-opacity":"","overlay-gradient":""},"mobile":{"background-color":"","background-image":"","background-repeat":"repeat","background-position":"center center","background-size":"auto","background-attachment":"scroll","background-type":"","background-media":"","overlay-type":"","overlay-color":"","overlay-opacity":"","overlay-gradient":""}},"ast-content-background-meta":{"desktop":{"background-color":"var(--ast-global-color-5)","background-image":"","background-repeat":"repeat","background-position":"center center","background-size":"auto","background-attachment":"scroll","background-type":"","background-media":"","overlay-type":"","overlay-color":"","overlay-opacity":"","overlay-gradient":""},"tablet":{"background-color":"var(--ast-global-color-5)","background-image":"","background-repeat":"repeat","background-position":"center center","background-size":"auto","background-attachment":"scroll","background-type":"","background-media":"","overlay-type":"","overlay-color":"","overlay-opacity":"","overlay-gradient":""},"mobile":{"background-color":"var(--ast-global-color-5)","background-image":"","background-repeat":"repeat","background-position":"center center","background-size":"auto","background-attachment":"scroll","background-type":"","background-media":"","overlay-type":"","overlay-color":"","overlay-opacity":"","overlay-gradient":""}},"footnotes":""},"class_list":["post-655","page","type-page","status-publish","hentry"],"yoast_head":"<!-- This site is optimized with the Yoast SEO plugin v26.1.1 - https:\/\/yoast.com\/wordpress\/plugins\/seo\/ -->\n<title>\u00c9QUIPE RAPHA\u00cbL BRIEN INC.<\/title>\n<meta name=\"description\" content=\"Rapha\u00ebl Brien Inc. is a service company specializing in working at heights, large-format printing and all types of work.\" \/>\n<meta name=\"robots\" content=\"index, follow, max-snippet:-1, max-image-preview:large, max-video-preview:-1\" \/>\n<link rel=\"canonical\" href=\"https:\/\/raphaelbrien.com\/en\/\" \/>\n<meta property=\"og:locale\" content=\"en_US\" \/>\n<meta property=\"og:type\" content=\"article\" \/>\n<meta property=\"og:title\" content=\"\u00c9QUIPE RAPHA\u00cbL BRIEN INC.\" \/>\n<meta property=\"og:description\" content=\"Rapha\u00ebl Brien Inc. is a service company specializing in working at heights, large-format printing and all types of work.\" \/>\n<meta property=\"og:url\" content=\"https:\/\/raphaelbrien.com\/en\/\" \/>\n<meta property=\"og:site_name\" content=\"raphaelbrien.com\" \/>\n<meta property=\"article:modified_time\" content=\"2025-12-18T17:39:30+00:00\" \/>\n<meta property=\"og:image\" content=\"http:\/\/raphaelbrien.com\/wp-content\/uploads\/2025\/05\/our-project.svg\" \/>\n<meta name=\"twitter:card\" content=\"summary_large_image\" \/>\n<meta name=\"twitter:label1\" content=\"Est. reading time\" \/>\n\t<meta name=\"twitter:data1\" content=\"5 minutes\" \/>\n<script type=\"application\/ld+json\" class=\"yoast-schema-graph\">{\"@context\":\"https:\/\/schema.org\",\"@graph\":[{\"@type\":\"WebPage\",\"@id\":\"https:\/\/raphaelbrien.com\/en\/\",\"url\":\"https:\/\/raphaelbrien.com\/en\/\",\"name\":\"\u00c9QUIPE RAPHA\u00cbL BRIEN INC.\",\"isPartOf\":{\"@id\":\"https:\/\/raphaelbrien.com\/#website\"},\"primaryImageOfPage\":{\"@id\":\"https:\/\/raphaelbrien.com\/en\/#primaryimage\"},\"image\":{\"@id\":\"https:\/\/raphaelbrien.com\/en\/#primaryimage\"},\"thumbnailUrl\":\"http:\/\/raphaelbrien.com\/wp-content\/uploads\/2025\/05\/our-project.svg\",\"datePublished\":\"2025-05-12T18:14:14+00:00\",\"dateModified\":\"2025-12-18T17:39:30+00:00\",\"description\":\"Rapha\u00ebl Brien Inc. is a service company specializing in working at heights, large-format printing and all types of work.\",\"breadcrumb\":{\"@id\":\"https:\/\/raphaelbrien.com\/en\/#breadcrumb\"},\"inLanguage\":\"en-US\",\"potentialAction\":[{\"@type\":\"ReadAction\",\"target\":[\"https:\/\/raphaelbrien.com\/en\/\"]}]},{\"@type\":\"ImageObject\",\"inLanguage\":\"en-US\",\"@id\":\"https:\/\/raphaelbrien.com\/en\/#primaryimage\",\"url\":\"http:\/\/raphaelbrien.com\/wp-content\/uploads\/2025\/05\/our-project.svg\",\"contentUrl\":\"http:\/\/raphaelbrien.com\/wp-content\/uploads\/2025\/05\/our-project.svg\"},{\"@type\":\"BreadcrumbList\",\"@id\":\"https:\/\/raphaelbrien.com\/en\/#breadcrumb\",\"itemListElement\":[{\"@type\":\"ListItem\",\"position\":1,\"name\":\"Home\",\"item\":\"https:\/\/raphaelbrien.com\/en\/\"},{\"@type\":\"ListItem\",\"position\":2,\"name\":\"Home\"}]},{\"@type\":\"WebSite\",\"@id\":\"https:\/\/raphaelbrien.com\/#website\",\"url\":\"https:\/\/raphaelbrien.com\/\",\"name\":\"raphaelbrien.com\",\"description\":\"\",\"potentialAction\":[{\"@type\":\"SearchAction\",\"target\":{\"@type\":\"EntryPoint\",\"urlTemplate\":\"https:\/\/raphaelbrien.com\/?s={search_term_string}\"},\"query-input\":{\"@type\":\"PropertyValueSpecification\",\"valueRequired\":true,\"valueName\":\"search_term_string\"}}],\"inLanguage\":\"en-US\"}]}<\/script>\n<!-- \/ Yoast SEO plugin. -->","yoast_head_json":{"title":"\u00c9QUIPE RAPHA\u00cbL BRIEN INC.","description":"Rapha\u00ebl Brien Inc. is a service company specializing in working at heights, large-format printing and all types of work.","robots":{"index":"index","follow":"follow","max-snippet":"max-snippet:-1","max-image-preview":"max-image-preview:large","max-video-preview":"max-video-preview:-1"},"canonical":"https:\/\/raphaelbrien.com\/en\/","og_locale":"en_US","og_type":"article","og_title":"\u00c9QUIPE RAPHA\u00cbL BRIEN INC.","og_description":"Rapha\u00ebl Brien Inc. is a service company specializing in working at heights, large-format printing and all types of work.","og_url":"https:\/\/raphaelbrien.com\/en\/","og_site_name":"raphaelbrien.com","article_modified_time":"2025-12-18T17:39:30+00:00","og_image":[{"url":"http:\/\/raphaelbrien.com\/wp-content\/uploads\/2025\/05\/our-project.svg","type":"","width":"","height":""}],"twitter_card":"summary_large_image","twitter_misc":{"Est. reading time":"5 minutes"},"schema":{"@context":"https:\/\/schema.org","@graph":[{"@type":"WebPage","@id":"https:\/\/raphaelbrien.com\/en\/","url":"https:\/\/raphaelbrien.com\/en\/","name":"\u00c9QUIPE RAPHA\u00cbL BRIEN INC.","isPartOf":{"@id":"https:\/\/raphaelbrien.com\/#website"},"primaryImageOfPage":{"@id":"https:\/\/raphaelbrien.com\/en\/#primaryimage"},"image":{"@id":"https:\/\/raphaelbrien.com\/en\/#primaryimage"},"thumbnailUrl":"http:\/\/raphaelbrien.com\/wp-content\/uploads\/2025\/05\/our-project.svg","datePublished":"2025-05-12T18:14:14+00:00","dateModified":"2025-12-18T17:39:30+00:00","description":"Rapha\u00ebl Brien Inc. is a service company specializing in working at heights, large-format printing and all types of work.","breadcrumb":{"@id":"https:\/\/raphaelbrien.com\/en\/#breadcrumb"},"inLanguage":"en-US","potentialAction":[{"@type":"ReadAction","target":["https:\/\/raphaelbrien.com\/en\/"]}]},{"@type":"ImageObject","inLanguage":"en-US","@id":"https:\/\/raphaelbrien.com\/en\/#primaryimage","url":"http:\/\/raphaelbrien.com\/wp-content\/uploads\/2025\/05\/our-project.svg","contentUrl":"http:\/\/raphaelbrien.com\/wp-content\/uploads\/2025\/05\/our-project.svg"},{"@type":"BreadcrumbList","@id":"https:\/\/raphaelbrien.com\/en\/#breadcrumb","itemListElement":[{"@type":"ListItem","position":1,"name":"Home","item":"https:\/\/raphaelbrien.com\/en\/"},{"@type":"ListItem","position":2,"name":"Home"}]},{"@type":"WebSite","@id":"https:\/\/raphaelbrien.com\/#website","url":"https:\/\/raphaelbrien.com\/","name":"raphaelbrien.com","description":"","potentialAction":[{"@type":"SearchAction","target":{"@type":"EntryPoint","urlTemplate":"https:\/\/raphaelbrien.com\/?s={search_term_string}"},"query-input":{"@type":"PropertyValueSpecification","valueRequired":true,"valueName":"search_term_string"}}],"inLanguage":"en-US"}]}},"_links":{"self":[{"href":"https:\/\/raphaelbrien.com\/en\/wp-json\/wp\/v2\/pages\/655","targetHints":{"allow":["GET"]}}],"collection":[{"href":"https:\/\/raphaelbrien.com\/en\/wp-json\/wp\/v2\/pages"}],"about":[{"href":"https:\/\/raphaelbrien.com\/en\/wp-json\/wp\/v2\/types\/page"}],"author":[{"embeddable":true,"href":"https:\/\/raphaelbrien.com\/en\/wp-json\/wp\/v2\/users\/1"}],"replies":[{"embeddable":true,"href":"https:\/\/raphaelbrien.com\/en\/wp-json\/wp\/v2\/comments?post=655"}],"version-history":[{"count":11,"href":"https:\/\/raphaelbrien.com\/en\/wp-json\/wp\/v2\/pages\/655\/revisions"}],"predecessor-version":[{"id":1126,"href":"https:\/\/raphaelbrien.com\/en\/wp-json\/wp\/v2\/pages\/655\/revisions\/1126"}],"wp:attachment":[{"href":"https:\/\/raphaelbrien.com\/en\/wp-json\/wp\/v2\/media?parent=655"}],"curies":[{"name":"wp","href":"https:\/\/api.w.org\/{rel}","templated":true}]}}